{"id":2901,"date":"2015-11-18T08:34:00","date_gmt":"2015-11-18T08:34:00","guid":{"rendered":"https:\/\/educationwp.thimpress.com\/?page_id=2901"},"modified":"2025-04-01T22:02:33","modified_gmt":"2025-04-02T03:02:33","slug":"sede-ibague","status":"publish","type":"page","link":"https:\/\/colomboibague.com\/2021\/sede-ibague\/","title":{"rendered":"Sede Ibagu\u00e9"},"content":{"rendered":"<div class=\"wpb-content-wrapper\"><p>[vc_row css=\u00bb.vc_custom_1471019067901{padding-top: 30px !important;}\u00bb][vc_column]<div class=\"thim-widget-heading template-base\"><div class=\"sc_heading  text-center\"><h3 class=\"title\">Conoce m\u00e1s del Colombo<\/h3><\/div><\/div>[\/vc_column][\/vc_row][vc_row css=\u00bb.vc_custom_1471796791252{margin-bottom: 63px !important;}\u00bb][vc_column css=\u00bb.vc_custom_1471796770554{margin-bottom: 30px !important;}\u00bb][vc_column_text css=\u00bb\u00bb]<\/p>\n<h3 class=\"thim-text-title\">Quienes Somos<\/h3>\n<p>En el Colombo Americano Ibagu\u00e9 tenemos m\u00e1s\u00a0 30 a\u00f1os de experiencia en la regi\u00f3n, en la ense\u00f1anza del idioma ingl\u00e9s. Contamos con metodolog\u00eda y did\u00e1cticas de avanzada, para ofrecer a nuestros estudiantes toda la tecnolog\u00eda aplicada a la ense\u00f1anza de nun nuevo idioma.<\/p>\n<p>Conatmos con aprobaci\u00f3n de la Secretar\u00eda de Educaci\u00f3n Municipal, con la certificaci\u00f3n internacional de calidad ICONTEC en ISO 9001, NTC 5555 y con la certificaci\u00f3n del Programa de Formaci\u00f3n Acad\u00e9mica en Ingl\u00e9s en NTC 5580.<\/p>\n<p>Nuestra misi\u00f3n es brindar acceso a un segundo idioma, para mejorar la inclusi\u00f3n social y la competitividad. Desde nuestro conocimiento, impulsamos el crecimiento educativo, productivo y el progreso econ\u00f3mico y social de la regi\u00f3n.[\/vc_column_text][\/vc_column][\/vc_row][vc_row css=\u00bb.vc_custom_1471796791252{margin-bottom: 63px !important;}\u00bb][vc_column css=\u00bb.vc_custom_1471796770554{margin-bottom: 30px !important;}\u00bb][vc_column_text css=\u00bb\u00bb]<\/p>\n<h3 class=\"thim-text-title\">Pol\u00edtica de Calidad<\/h3>\n<p dir=\"ltr\">\u201cLa Fundaci\u00f3n Colombo Americano Ibagu\u00e9 &#8211; Girardot tiene como pol\u00edtica de calidad prestar un servicio \u00f3ptimo de aprendizaje del idioma Ingl\u00e9s, cumpliendo con las necesidades de los usuarios y con los requisitos legales.<\/p>\n<p>Contamos con personal calificado, infraestructura y equipos adecuados, para que nuestra comunidad sea competitiva en el mercado laboral, mejorando cada d\u00eda nuestros procesos\u201d.[\/vc_column_text][vc_column_text css=\u00bb\u00bb]<\/p>\n<h3 class=\"thim-text-title\">Objetivos de Calidad<\/h3>\n<ol>\n<li dir=\"ltr\">Prestar servicios de aprendizaje de manera confiable y oportuna.<\/li>\n<li dir=\"ltr\">Cumplir con la normatividad vigente.<\/li>\n<li dir=\"ltr\">Desarrollar el talento humano dot\u00e1ndolos de herramientas para entregar un servicio de calidad.<\/li>\n<li dir=\"ltr\">Implementar un plan de mejoramiento continuo que permita mejorar el nivel de satisfacci\u00f3n de los clientes.<\/li>\n<\/ol>\n<p>[\/vc_column_text][\/vc_column][\/vc_row][vc_row disable_element=\u00bbyes\u00bb][vc_column width=\u00bb1\/4&#8243;]<div class=\"thim-widget-counters-box template-base\"><div class=\"counter-box about-us\" style=\"\"><div class=\"content-box-percentage\">\n\t\t<div class=\"wrap-percentage\">\n\t\t<div class=\"display-percentage\" data-percentage=\"10\" >10<\/div><div class=\"text_number\"><\/div><\/div><div class=\"counter-content-container\"><div class=\"counter-box-content\" style=\"\">CONVENIOS INSTITUCIONALES<\/div><\/div><\/div><\/div><\/div>[\/vc_column][vc_column width=\u00bb1\/4&#8243;]<div class=\"thim-widget-counters-box template-base\"><div class=\"counter-box about-us\" style=\"\"><div class=\"content-box-percentage\">\n\t\t<div class=\"wrap-percentage\">\n\t\t<div class=\"display-percentage\" data-percentage=\"60\" >60<\/div><div class=\"text_number\"><\/div><\/div><div class=\"counter-content-container\"><div class=\"counter-box-content\" style=\"\">INSTRUCTORES<\/div><\/div><\/div><\/div><\/div>[\/vc_column][vc_column width=\u00bb1\/4&#8243;]<div class=\"thim-widget-counters-box template-base\"><div class=\"counter-box about-us\" style=\"\"><div class=\"content-box-percentage\">\n\t\t<div class=\"wrap-percentage\">\n\t\t<div class=\"display-percentage\" data-percentage=\"2240\" >2240<\/div><div class=\"text_number\"><\/div><\/div><div class=\"counter-content-container\"><div class=\"counter-box-content\" style=\"\">Graduados<\/div><\/div><\/div><\/div><\/div>[\/vc_column][vc_column width=\u00bb1\/4&#8243;]<div class=\"thim-widget-counters-box template-base\"><div class=\"counter-box about-us\" style=\"\"><div class=\"content-box-percentage\">\n\t\t<div class=\"wrap-percentage\">\n\t\t<div class=\"display-percentage\" data-percentage=\"5000\" >5000<\/div><div class=\"text_number\"><\/div><\/div><div class=\"counter-content-container\"><div class=\"counter-box-content\" style=\"\">Estudiantes<\/div><\/div><\/div><\/div><\/div>[\/vc_column][\/vc_row][vc_row full_width=\u00bbstretch_row\u00bb][vc_column]<div class=\"vc-extral_class wpb_animate_when_almost_visible wpb_left-to-right left-to-right\"><div class=\"thim-widget-gallery-images template-base\"><div class=\"thim-carousel-wrapper gallery-img\" data-visible=\"1\" data-itemtablet=\"1\" data-itemmobile=\"1\" data-autoplay=\"6000\" data-navigation=\"1\" data-pagination=\"1\" data-loop=\"true\"><div class=\"item\"><img fetchpriority=\"high\" decoding=\"async\" width=\"1920\" height=\"1365\" src=\"https:\/\/colomboibague.com\/2021\/wp-content\/uploads\/2025\/04\/qqui1.jpg\" class=\"attachment-full size-full\" alt=\"\" srcset=\"https:\/\/colomboibague.com\/2021\/wp-content\/uploads\/2025\/04\/qqui1.jpg 1920w, https:\/\/colomboibague.com\/2021\/wp-content\/uploads\/2025\/04\/qqui1-300x213.jpg 300w, https:\/\/colomboibague.com\/2021\/wp-content\/uploads\/2025\/04\/qqui1-1024x728.jpg 1024w, https:\/\/colomboibague.com\/2021\/wp-content\/uploads\/2025\/04\/qqui1-768x546.jpg 768w, https:\/\/colomboibague.com\/2021\/wp-content\/uploads\/2025\/04\/qqui1-1536x1092.jpg 1536w, https:\/\/colomboibague.com\/2021\/wp-content\/uploads\/2025\/04\/qqui1-600x427.jpg 600w\" sizes=\"(max-width: 1920px) 100vw, 1920px\" \/><\/div><\/div><\/div><\/div>[\/vc_column][\/vc_row][vc_row css=\u00bb.vc_custom_1471796791252{margin-bottom: 63px !important;}\u00bb][vc_column width=\u00bb1\/2&#8243; css=\u00bb.vc_custom_1471796770554{margin-bottom: 30px !important;}\u00bb][vc_column_text css=\u00bb\u00bb]<\/p>\n<h3 class=\"thim-text-title\">Mision<\/h3>\n<p>Somos una instituci\u00f3n educativa dedicada a ense\u00f1ar ingl\u00e9s con excelencia, comprometida a transformar vidas al fortalecer las competencias laborales y acad\u00e9micas. Inspiramos a nuestros estudiantes a adquirir conciencia cultural y ambiental a trav\u00e9s de eventos y actividades educativas din\u00e1micas lideradas por un equipo humano id\u00f3neo.[\/vc_column_text][\/vc_column][vc_column width=\u00bb1\/2&#8243; css=\u00bb.vc_custom_1471796781968{margin-bottom: 30px !important;}\u00bb][vc_column_text css=\u00bb\u00bb]<\/p>\n<h3 class=\"thim-text-title\">Vision<\/h3>\n<p>Para el 2030, el Colombo Americano Ibagu\u00e9 &#8211; Girardot se proyecta como una instituci\u00f3n educativa y centro cultural que consolida su liderazgo en la ense\u00f1anza del ingl\u00e9s, siendo referente por sus m\u00e9todos innovadores y un amplio portafolio de servicios educativos que respondan a las necesidades de nuestros estudiantes.[\/vc_column_text][\/vc_column][\/vc_row][vc_row][vc_column]<div class=\"thim-widget-heading template-base\"><div class=\"sc_heading  text-center\"><h3 class=\"title\">Nuestro Equipo<\/h3><\/div><\/div>[\/vc_column][\/vc_row][vc_row el_class=\u00bbthim-no-margin-bottom\u00bb][vc_column]<div class=\"thim-widget-our-team template-our-team\">\n<div class=\"wrapper-lists-our-team\"><div class=\"row\"><div class=\"our-team-item col-sm-3\"><div class=\"our-team-image\"> <a class=\"link-img\" href=\"https:\/\/colomboibague.com\/2021\/our_team\/nicolas-camacho\/\"><\/a><img decoding=\"async\" src=\"https:\/\/colomboibague.com\/2021\/wp-content\/uploads\/2015\/11\/PHOTO-2021-08-20-15-10-49-13-200x200.jpg\" alt=\"PHOTO-2021-08-20-15-10-49 13\"  width=\"200\" height=\"200\"><div class=\"social-team\"><\/div><\/div><div class=\"content-team\"><h4 class=\"title\">Nicolas Camacho<\/h4><div class = \"regency\">Director<\/div><\/div><\/div><div class=\"our-team-item col-sm-3\"><div class=\"our-team-image\"> <a class=\"link-img\" href=\"https:\/\/colomboibague.com\/2021\/our_team\/german-tello\/\"><\/a><img decoding=\"async\" src=\"https:\/\/colomboibague.com\/2021\/wp-content\/uploads\/2015\/11\/PHOTO-2021-08-20-15-10-49-12-200x200.jpg\" alt=\"PHOTO-2021-08-20-15-10-49 12\"  width=\"200\" height=\"200\"><div class=\"social-team\"><\/div><\/div><div class=\"content-team\"><h4 class=\"title\">Germ\u00e1n Tello<\/h4><div class = \"regency\">Director Acad\u00e9mico<\/div><\/div><\/div><div class=\"our-team-item col-sm-3\"><div class=\"our-team-image\"> <a class=\"link-img\" href=\"https:\/\/colomboibague.com\/2021\/our_team\/carolina-medina\/\"><\/a><img loading=\"lazy\" decoding=\"async\" src=\"https:\/\/colomboibague.com\/2021\/wp-content\/uploads\/2015\/11\/PHOTO-2021-08-20-15-10-49-11-200x200.jpg\" alt=\"PHOTO-2021-08-20-15-10-49 11\"  width=\"200\" height=\"200\"><div class=\"social-team\"><\/div><\/div><div class=\"content-team\"><h4 class=\"title\">Carolina Medina<\/h4><div class = \"regency\">Asistente Acad\u00e9mica<\/div><\/div><\/div><div class=\"our-team-item col-sm-3\"><div class=\"our-team-image\"> <a class=\"link-img\" href=\"https:\/\/colomboibague.com\/2021\/our_team\/milena-garcia\/\"><\/a><img loading=\"lazy\" decoding=\"async\" src=\"https:\/\/colomboibague.com\/2021\/wp-content\/uploads\/2015\/11\/PHOTO-2021-08-20-15-10-49-3-200x200.jpg\" alt=\"PHOTO-2021-08-20-15-10-49 3\"  width=\"200\" height=\"200\"><div class=\"social-team\"><\/div><\/div><div class=\"content-team\"><h4 class=\"title\">Milena Garcia<\/h4><div class = \"regency\">Asistente Administrativa<\/div><\/div><\/div><div class=\"our-team-item col-sm-3\"><div class=\"our-team-image\"> <a class=\"link-img\" href=\"https:\/\/colomboibague.com\/2021\/our_team\/wilson-rengifo\/\"><\/a><img loading=\"lazy\" decoding=\"async\" src=\"https:\/\/colomboibague.com\/2021\/wp-content\/uploads\/2015\/11\/PHOTO-2021-08-20-15-10-49-5-200x200.jpg\" alt=\"PHOTO-2021-08-20-15-10-49 5\"  width=\"200\" height=\"200\"><div class=\"social-team\"><\/div><\/div><div class=\"content-team\"><h4 class=\"title\">Wilson Rengifo<\/h4><div class = \"regency\">Ingeniero de Sistemas<\/div><\/div><\/div><div class=\"our-team-item col-sm-3\"><div class=\"our-team-image\"> <a class=\"link-img\" href=\"https:\/\/colomboibague.com\/2021\/our_team\/camilo-pineda\/\"><\/a><img loading=\"lazy\" decoding=\"async\" src=\"https:\/\/colomboibague.com\/2021\/wp-content\/uploads\/2015\/11\/PHOTO-2021-08-20-15-10-49-10-200x200.jpg\" alt=\"PHOTO-2021-08-20-15-10-49 10\"  width=\"200\" height=\"200\"><div class=\"social-team\"><\/div><\/div><div class=\"content-team\"><h4 class=\"title\">Camilo Pineda<\/h4><div class = \"regency\">Servicios Generales<\/div><\/div><\/div><div class=\"our-team-item col-sm-3\"><div class=\"our-team-image\"> <a class=\"link-img\" href=\"https:\/\/colomboibague.com\/2021\/our_team\/brandon-torres\/\"><\/a><img loading=\"lazy\" decoding=\"async\" src=\"https:\/\/colomboibague.com\/2021\/wp-content\/uploads\/2015\/11\/PHOTO-2021-08-20-15-10-49-8-200x200.jpg\" alt=\"PHOTO-2021-08-20-15-10-49 8\"  width=\"200\" height=\"200\"><div class=\"social-team\"><\/div><\/div><div class=\"content-team\"><h4 class=\"title\">Brandon Torres<\/h4><div class = \"regency\">Docente<\/div><\/div><\/div><div class=\"our-team-item col-sm-3\"><div class=\"our-team-image\"> <a class=\"link-img\" href=\"https:\/\/colomboibague.com\/2021\/our_team\/yenny-corredor\/\"><\/a><img loading=\"lazy\" decoding=\"async\" src=\"https:\/\/colomboibague.com\/2021\/wp-content\/uploads\/2015\/11\/PHOTO-2021-08-20-15-10-49-4-200x200.jpg\" alt=\"PHOTO-2021-08-20-15-10-49 4\"  width=\"200\" height=\"200\"><div class=\"social-team\"><\/div><\/div><div class=\"content-team\"><h4 class=\"title\">Yenny Corredor<\/h4><div class = \"regency\">Docente<\/div><\/div><\/div><div class=\"our-team-item col-sm-3\"><div class=\"our-team-image\"> <a class=\"link-img\" href=\"https:\/\/colomboibague.com\/2021\/our_team\/clema-ortiz\/\"><\/a><img loading=\"lazy\" decoding=\"async\" src=\"https:\/\/colomboibague.com\/2021\/wp-content\/uploads\/2015\/11\/PHOTO-2021-08-20-15-10-49-2-200x200.jpg\" alt=\"PHOTO-2021-08-20-15-10-49 2\"  width=\"200\" height=\"200\"><div class=\"social-team\"><\/div><\/div><div class=\"content-team\"><h4 class=\"title\">Clema Ortiz<\/h4><div class = \"regency\">Docente<\/div><\/div><\/div><div class=\"our-team-item col-sm-3\"><div class=\"our-team-image\"> <a class=\"link-img\" href=\"https:\/\/colomboibague.com\/2021\/our_team\/lina-maria-mendez\/\"><\/a><img loading=\"lazy\" decoding=\"async\" src=\"https:\/\/colomboibague.com\/2021\/wp-content\/uploads\/2015\/11\/PHOTO-2021-08-20-15-10-49-6-200x200.jpg\" alt=\"PHOTO-2021-08-20-15-10-49 6\"  width=\"200\" height=\"200\"><div class=\"social-team\"><\/div><\/div><div class=\"content-team\"><h4 class=\"title\">Lina Maria Mendez<\/h4><div class = \"regency\">Docente<\/div><\/div><\/div><\/div><\/div><\/div>[\/vc_column][\/vc_row]<\/p>\n<\/div>","protected":false},"excerpt":{"rendered":"<p>[vc_row css=\u00bb.vc_custom_1471019067901{padding-top: 30px !important;}\u00bb][vc_column][\/vc_column][\/vc_row][vc_row css=\u00bb.vc_custom_1471796791252{margin-bottom: 63px !important;}\u00bb][vc_column css=\u00bb.vc_custom_1471796770554{margin-bottom: 30px !important;}\u00bb][vc_column_text css=\u00bb\u00bb] Quienes Somos En el Colombo Americano Ibagu\u00e9 tenemos m\u00e1s\u00a0 30 a\u00f1os de experiencia en la regi\u00f3n, en la ense\u00f1anza del idioma ingl\u00e9s. Contamos con metodolog\u00eda y did\u00e1cticas de avanzada, &hellip; <\/p>\n","protected":false},"author":1,"featured_media":0,"parent":0,"menu_order":0,"comment_status":"closed","ping_status":"closed","template":"","meta":{"footnotes":""},"class_list":["post-2901","page","type-page","status-publish","hentry"],"yoast_head":"<!-- This site is optimized with the Yoast SEO Premium plugin v18.0 (Yoast SEO v27.2) - https:\/\/yoast.com\/product\/yoast-seo-premium-wordpress\/ -->\n<title>Sede Ibagu\u00e9 - Colombo Americano Ibague\u0301<\/title>\n<meta name=\"robots\" content=\"index, follow, max-snippet:-1, max-image-preview:large, max-video-preview:-1\" \/>\n<link rel=\"canonical\" href=\"https:\/\/colomboibague.com\/2021\/sede-ibague\/\" \/>\n<meta property=\"og:locale\" content=\"es_ES\" \/>\n<meta property=\"og:type\" content=\"article\" \/>\n<meta property=\"og:title\" content=\"Sede Ibagu\u00e9\" \/>\n<meta property=\"og:description\" content=\"[vc_row css=\u00bb.vc_custom_1471019067901{padding-top: 30px !important;}\u00bb][vc_column][\/vc_column][\/vc_row][vc_row css=\u00bb.vc_custom_1471796791252{margin-bottom: 63px !important;}\u00bb][vc_column css=\u00bb.vc_custom_1471796770554{margin-bottom: 30px !important;}\u00bb][vc_column_text css=\u00bb\u00bb] Quienes Somos En el Colombo Americano Ibagu\u00e9 tenemos m\u00e1s\u00a0 30 a\u00f1os de experiencia en la regi\u00f3n, en la ense\u00f1anza del idioma ingl\u00e9s. Contamos con metodolog\u00eda y did\u00e1cticas de avanzada, &hellip;\" \/>\n<meta property=\"og:url\" content=\"https:\/\/colomboibague.com\/2021\/sede-ibague\/\" \/>\n<meta property=\"og:site_name\" content=\"Colombo Americano Ibague\u0301\" \/>\n<meta property=\"article:modified_time\" content=\"2025-04-02T03:02:33+00:00\" \/>\n<meta name=\"twitter:card\" content=\"summary_large_image\" \/>\n<meta name=\"twitter:label1\" content=\"Tiempo de lectura\" \/>\n\t<meta name=\"twitter:data1\" content=\"3 minutos\" \/>\n<script type=\"application\/ld+json\" class=\"yoast-schema-graph\">{\"@context\":\"https:\/\/schema.org\",\"@graph\":[{\"@type\":\"WebPage\",\"@id\":\"https:\/\/colomboibague.com\/2021\/sede-ibague\/\",\"url\":\"https:\/\/colomboibague.com\/2021\/sede-ibague\/\",\"name\":\"Sede Ibagu\u00e9 - Colombo Americano Ibague\u0301\",\"isPartOf\":{\"@id\":\"https:\/\/colomboibague.com\/2021\/#website\"},\"datePublished\":\"2015-11-18T08:34:00+00:00\",\"dateModified\":\"2025-04-02T03:02:33+00:00\",\"breadcrumb\":{\"@id\":\"https:\/\/colomboibague.com\/2021\/sede-ibague\/#breadcrumb\"},\"inLanguage\":\"es\",\"potentialAction\":[{\"@type\":\"ReadAction\",\"target\":[\"https:\/\/colomboibague.com\/2021\/sede-ibague\/\"]}]},{\"@type\":\"BreadcrumbList\",\"@id\":\"https:\/\/colomboibague.com\/2021\/sede-ibague\/#breadcrumb\",\"itemListElement\":[{\"@type\":\"ListItem\",\"position\":1,\"name\":\"Portada\",\"item\":\"https:\/\/colomboibague.com\/2021\/\"},{\"@type\":\"ListItem\",\"position\":2,\"name\":\"Sede Ibagu\u00e9\"}]},{\"@type\":\"WebSite\",\"@id\":\"https:\/\/colomboibague.com\/2021\/#website\",\"url\":\"https:\/\/colomboibague.com\/2021\/\",\"name\":\"Colombo Americano Ibague\u0301\",\"description\":\"\",\"potentialAction\":[{\"@type\":\"SearchAction\",\"target\":{\"@type\":\"EntryPoint\",\"urlTemplate\":\"https:\/\/colomboibague.com\/2021\/?s={search_term_string}\"},\"query-input\":{\"@type\":\"PropertyValueSpecification\",\"valueRequired\":true,\"valueName\":\"search_term_string\"}}],\"inLanguage\":\"es\"}]}<\/script>\n<!-- \/ Yoast SEO Premium plugin. -->","yoast_head_json":{"title":"Sede Ibagu\u00e9 - Colombo Americano Ibague\u0301","robots":{"index":"index","follow":"follow","max-snippet":"max-snippet:-1","max-image-preview":"max-image-preview:large","max-video-preview":"max-video-preview:-1"},"canonical":"https:\/\/colomboibague.com\/2021\/sede-ibague\/","og_locale":"es_ES","og_type":"article","og_title":"Sede Ibagu\u00e9","og_description":"[vc_row css=\u00bb.vc_custom_1471019067901{padding-top: 30px !important;}\u00bb][vc_column][\/vc_column][\/vc_row][vc_row css=\u00bb.vc_custom_1471796791252{margin-bottom: 63px !important;}\u00bb][vc_column css=\u00bb.vc_custom_1471796770554{margin-bottom: 30px !important;}\u00bb][vc_column_text css=\u00bb\u00bb] Quienes Somos En el Colombo Americano Ibagu\u00e9 tenemos m\u00e1s\u00a0 30 a\u00f1os de experiencia en la regi\u00f3n, en la ense\u00f1anza del idioma ingl\u00e9s. Contamos con metodolog\u00eda y did\u00e1cticas de avanzada, &hellip;","og_url":"https:\/\/colomboibague.com\/2021\/sede-ibague\/","og_site_name":"Colombo Americano Ibague\u0301","article_modified_time":"2025-04-02T03:02:33+00:00","twitter_card":"summary_large_image","twitter_misc":{"Tiempo de lectura":"3 minutos"},"schema":{"@context":"https:\/\/schema.org","@graph":[{"@type":"WebPage","@id":"https:\/\/colomboibague.com\/2021\/sede-ibague\/","url":"https:\/\/colomboibague.com\/2021\/sede-ibague\/","name":"Sede Ibagu\u00e9 - Colombo Americano Ibague\u0301","isPartOf":{"@id":"https:\/\/colomboibague.com\/2021\/#website"},"datePublished":"2015-11-18T08:34:00+00:00","dateModified":"2025-04-02T03:02:33+00:00","breadcrumb":{"@id":"https:\/\/colomboibague.com\/2021\/sede-ibague\/#breadcrumb"},"inLanguage":"es","potentialAction":[{"@type":"ReadAction","target":["https:\/\/colomboibague.com\/2021\/sede-ibague\/"]}]},{"@type":"BreadcrumbList","@id":"https:\/\/colomboibague.com\/2021\/sede-ibague\/#breadcrumb","itemListElement":[{"@type":"ListItem","position":1,"name":"Portada","item":"https:\/\/colomboibague.com\/2021\/"},{"@type":"ListItem","position":2,"name":"Sede Ibagu\u00e9"}]},{"@type":"WebSite","@id":"https:\/\/colomboibague.com\/2021\/#website","url":"https:\/\/colomboibague.com\/2021\/","name":"Colombo Americano Ibague\u0301","description":"","potentialAction":[{"@type":"SearchAction","target":{"@type":"EntryPoint","urlTemplate":"https:\/\/colomboibague.com\/2021\/?s={search_term_string}"},"query-input":{"@type":"PropertyValueSpecification","valueRequired":true,"valueName":"search_term_string"}}],"inLanguage":"es"}]}},"_links":{"self":[{"href":"https:\/\/colomboibague.com\/2021\/wp-json\/wp\/v2\/pages\/2901","targetHints":{"allow":["GET"]}}],"collection":[{"href":"https:\/\/colomboibague.com\/2021\/wp-json\/wp\/v2\/pages"}],"about":[{"href":"https:\/\/colomboibague.com\/2021\/wp-json\/wp\/v2\/types\/page"}],"author":[{"embeddable":true,"href":"https:\/\/colomboibague.com\/2021\/wp-json\/wp\/v2\/users\/1"}],"replies":[{"embeddable":true,"href":"https:\/\/colomboibague.com\/2021\/wp-json\/wp\/v2\/comments?post=2901"}],"version-history":[{"count":3,"href":"https:\/\/colomboibague.com\/2021\/wp-json\/wp\/v2\/pages\/2901\/revisions"}],"predecessor-version":[{"id":12732,"href":"https:\/\/colomboibague.com\/2021\/wp-json\/wp\/v2\/pages\/2901\/revisions\/12732"}],"wp:attachment":[{"href":"https:\/\/colomboibague.com\/2021\/wp-json\/wp\/v2\/media?parent=2901"}],"curies":[{"name":"wp","href":"https:\/\/api.w.org\/{rel}","templated":true}]}}