{"id":12645,"date":"2024-04-14T21:24:20","date_gmt":"2024-04-15T02:24:20","guid":{"rendered":"https:\/\/colomboibague.com\/2021\/?page_id=12645"},"modified":"2025-04-01T09:25:33","modified_gmt":"2025-04-01T14:25:33","slug":"ninos-essentials","status":"publish","type":"page","link":"https:\/\/colomboibague.com\/2021\/ninos-essentials\/","title":{"rendered":"M\u00f3dulo Essentials"},"content":{"rendered":"<div class=\"wpb-content-wrapper\"><p>[vc_row][vc_column][vc_single_image image=\u00bb12646&#8243; img_size=\u00bbfull\u00bb][\/vc_column][\/vc_row][vc_row][vc_column width=\u00bb2\/3&#8243; css=\u00bb.vc_custom_1713017330811{margin-top: 0px !important;margin-bottom: 0px !important;border-top-width: 0px !important;border-bottom-width: 0px !important;padding-top: 0px !important;padding-bottom: 0px !important;}\u00bb]<div class=\"thim-widget-heading template-base\"><div class=\"sc_heading  \"><h3 class=\"title\">M\u00f3dulo Essentials<\/h3><p class=\"sub-heading\" style=\"\">Descripci\u00f3n<br \/>\nPodr\u00e1s hablar de tu familia y tus tradiciones, el hombre moderno y otros robots, entre otros. De igual forma dominar\u00e1s estructuras simples que te servir\u00e1n para expresar ideas en presente, pasado y futuro.<\/p><\/div><\/div><div class=\"thim-widget-heading template-base\"><div class=\"sc_heading  \"><h3 class=\"title\">Niveles<\/h3><p class=\"sub-heading\" style=\"\">Este M\u00f3dulo est\u00e1 compuesto por:<br \/>\n-Essentials E1<br \/>\n-Essentials E2<br \/>\n-Essentials E3<br \/>\n-Essentials E4<\/p><\/div><\/div><div class=\"thim-widget-heading template-base\"><div class=\"sc_heading  \"><h3 class=\"title\">Horarios<\/h3><p class=\"sub-heading\" style=\"\">Lunes 3:00 p.m - 6:30 p.m<br \/>\nViernes 3:00 p.m -6:30 p.m<br \/>\nS\u00e1bados 8:00 a.m -11:30 a.m<\/p><\/div><\/div><div class=\"thim-widget-heading template-base\"><div class=\"sc_heading  \"><h3 class=\"title\">Modalidades<\/h3><p class=\"sub-heading\" style=\"\">-Programa tradicional: Clases grupales con estudiantes de su mismo nivel.<br \/>\n-Programa personalizado: Remotas o presenciales. El estudiante escoge la frecuencia, el horario y d\u00f3nde tomar su clase.<\/p><\/div><\/div><div class=\"thim-widget-heading template-base\"><div class=\"sc_heading  \"><h3 class=\"title\">Opciones de pago<\/h3><p class=\"sub-heading\" style=\"\">-De contado: Obtenga un descuento especial por pagar el m\u00f3dulo completo.<br \/>\n-A plazos: 4 cuotas sin inter\u00e9s. Se paga por cada nivel.<\/p><\/div><\/div>[\/vc_column][vc_column width=\u00bb1\/3&#8243;]<div class=\"thim-widget-heading template-base\"><div class=\"sc_heading  \"><h2 style=\"font-size:19px;\" class=\"title\">Caracter\u00edsticas del modulo<\/h2><p class=\"sub-heading\" style=\"\">-10 a 13 a\u00f1os.<br \/>\n-160 horas acad\u00e9micas.<br \/>\n-Clases Presenciales.<br \/>\n-Grupal o personalizado.<br \/>\n-Valor de la matr\u00edcula: $55.000.<\/p><span class=\"line\"><\/span><\/div><\/div>[\/vc_column][vc_column][\/vc_column][\/vc_row]<\/p>\n<\/div>","protected":false},"excerpt":{"rendered":"<p>[vc_row][vc_column][vc_single_image image=\u00bb12646&#8243; img_size=\u00bbfull\u00bb][\/vc_column][\/vc_row][vc_row][vc_column width=\u00bb2\/3&#8243; css=\u00bb.vc_custom_1713017330811{margin-top: 0px !important;margin-bottom: 0px !important;border-top-width: 0px !important;border-bottom-width: 0px !important;padding-top: 0px !important;padding-bottom: 0px !important;}\u00bb][\/vc_column][vc_column width=\u00bb1\/3&#8243;][\/vc_column][vc_column][\/vc_column][\/vc_row]<\/p>\n","protected":false},"author":1,"featured_media":0,"parent":0,"menu_order":0,"comment_status":"closed","ping_status":"closed","template":"","meta":{"footnotes":""},"class_list":["post-12645","page","type-page","status-publish","hentry"],"yoast_head":"<!-- This site is optimized with the Yoast SEO Premium plugin v18.0 (Yoast SEO v27.2) - https:\/\/yoast.com\/product\/yoast-seo-premium-wordpress\/ -->\n<title>M\u00f3dulo Essentials - Colombo Americano Ibague\u0301<\/title>\n<meta name=\"robots\" content=\"index, follow, max-snippet:-1, max-image-preview:large, max-video-preview:-1\" \/>\n<link rel=\"canonical\" href=\"https:\/\/colomboibague.com\/2021\/ninos-essentials\/\" \/>\n<meta property=\"og:locale\" content=\"es_ES\" \/>\n<meta property=\"og:type\" content=\"article\" \/>\n<meta property=\"og:title\" content=\"M\u00f3dulo Essentials\" \/>\n<meta property=\"og:description\" content=\"[vc_row][vc_column][vc_single_image image=\u00bb12646&#8243; img_size=\u00bbfull\u00bb][\/vc_column][\/vc_row][vc_row][vc_column width=\u00bb2\/3&#8243; css=\u00bb.vc_custom_1713017330811{margin-top: 0px !important;margin-bottom: 0px !important;border-top-width: 0px !important;border-bottom-width: 0px !important;padding-top: 0px !important;padding-bottom: 0px !important;}\u00bb][\/vc_column][vc_column width=\u00bb1\/3&#8243;][\/vc_column][vc_column][\/vc_column][\/vc_row]\" \/>\n<meta property=\"og:url\" content=\"https:\/\/colomboibague.com\/2021\/ninos-essentials\/\" \/>\n<meta property=\"og:site_name\" content=\"Colombo Americano Ibague\u0301\" \/>\n<meta property=\"article:modified_time\" content=\"2025-04-01T14:25:33+00:00\" \/>\n<meta name=\"twitter:card\" content=\"summary_large_image\" \/>\n<meta name=\"twitter:label1\" content=\"Tiempo de lectura\" \/>\n\t<meta name=\"twitter:data1\" content=\"1 minuto\" \/>\n<script type=\"application\/ld+json\" class=\"yoast-schema-graph\">{\"@context\":\"https:\/\/schema.org\",\"@graph\":[{\"@type\":\"WebPage\",\"@id\":\"https:\/\/colomboibague.com\/2021\/ninos-essentials\/\",\"url\":\"https:\/\/colomboibague.com\/2021\/ninos-essentials\/\",\"name\":\"M\u00f3dulo Essentials - Colombo Americano Ibague\u0301\",\"isPartOf\":{\"@id\":\"https:\/\/colomboibague.com\/2021\/#website\"},\"datePublished\":\"2024-04-15T02:24:20+00:00\",\"dateModified\":\"2025-04-01T14:25:33+00:00\",\"breadcrumb\":{\"@id\":\"https:\/\/colomboibague.com\/2021\/ninos-essentials\/#breadcrumb\"},\"inLanguage\":\"es\",\"potentialAction\":[{\"@type\":\"ReadAction\",\"target\":[\"https:\/\/colomboibague.com\/2021\/ninos-essentials\/\"]}]},{\"@type\":\"BreadcrumbList\",\"@id\":\"https:\/\/colomboibague.com\/2021\/ninos-essentials\/#breadcrumb\",\"itemListElement\":[{\"@type\":\"ListItem\",\"position\":1,\"name\":\"Portada\",\"item\":\"https:\/\/colomboibague.com\/2021\/\"},{\"@type\":\"ListItem\",\"position\":2,\"name\":\"M\u00f3dulo Essentials\"}]},{\"@type\":\"WebSite\",\"@id\":\"https:\/\/colomboibague.com\/2021\/#website\",\"url\":\"https:\/\/colomboibague.com\/2021\/\",\"name\":\"Colombo Americano Ibague\u0301\",\"description\":\"\",\"potentialAction\":[{\"@type\":\"SearchAction\",\"target\":{\"@type\":\"EntryPoint\",\"urlTemplate\":\"https:\/\/colomboibague.com\/2021\/?s={search_term_string}\"},\"query-input\":{\"@type\":\"PropertyValueSpecification\",\"valueRequired\":true,\"valueName\":\"search_term_string\"}}],\"inLanguage\":\"es\"}]}<\/script>\n<!-- \/ Yoast SEO Premium plugin. -->","yoast_head_json":{"title":"M\u00f3dulo Essentials - Colombo Americano Ibague\u0301","robots":{"index":"index","follow":"follow","max-snippet":"max-snippet:-1","max-image-preview":"max-image-preview:large","max-video-preview":"max-video-preview:-1"},"canonical":"https:\/\/colomboibague.com\/2021\/ninos-essentials\/","og_locale":"es_ES","og_type":"article","og_title":"M\u00f3dulo Essentials","og_description":"[vc_row][vc_column][vc_single_image image=\u00bb12646&#8243; img_size=\u00bbfull\u00bb][\/vc_column][\/vc_row][vc_row][vc_column width=\u00bb2\/3&#8243; css=\u00bb.vc_custom_1713017330811{margin-top: 0px !important;margin-bottom: 0px !important;border-top-width: 0px !important;border-bottom-width: 0px !important;padding-top: 0px !important;padding-bottom: 0px !important;}\u00bb][\/vc_column][vc_column width=\u00bb1\/3&#8243;][\/vc_column][vc_column][\/vc_column][\/vc_row]","og_url":"https:\/\/colomboibague.com\/2021\/ninos-essentials\/","og_site_name":"Colombo Americano Ibague\u0301","article_modified_time":"2025-04-01T14:25:33+00:00","twitter_card":"summary_large_image","twitter_misc":{"Tiempo de lectura":"1 minuto"},"schema":{"@context":"https:\/\/schema.org","@graph":[{"@type":"WebPage","@id":"https:\/\/colomboibague.com\/2021\/ninos-essentials\/","url":"https:\/\/colomboibague.com\/2021\/ninos-essentials\/","name":"M\u00f3dulo Essentials - Colombo Americano Ibague\u0301","isPartOf":{"@id":"https:\/\/colomboibague.com\/2021\/#website"},"datePublished":"2024-04-15T02:24:20+00:00","dateModified":"2025-04-01T14:25:33+00:00","breadcrumb":{"@id":"https:\/\/colomboibague.com\/2021\/ninos-essentials\/#breadcrumb"},"inLanguage":"es","potentialAction":[{"@type":"ReadAction","target":["https:\/\/colomboibague.com\/2021\/ninos-essentials\/"]}]},{"@type":"BreadcrumbList","@id":"https:\/\/colomboibague.com\/2021\/ninos-essentials\/#breadcrumb","itemListElement":[{"@type":"ListItem","position":1,"name":"Portada","item":"https:\/\/colomboibague.com\/2021\/"},{"@type":"ListItem","position":2,"name":"M\u00f3dulo Essentials"}]},{"@type":"WebSite","@id":"https:\/\/colomboibague.com\/2021\/#website","url":"https:\/\/colomboibague.com\/2021\/","name":"Colombo Americano Ibague\u0301","description":"","potentialAction":[{"@type":"SearchAction","target":{"@type":"EntryPoint","urlTemplate":"https:\/\/colomboibague.com\/2021\/?s={search_term_string}"},"query-input":{"@type":"PropertyValueSpecification","valueRequired":true,"valueName":"search_term_string"}}],"inLanguage":"es"}]}},"_links":{"self":[{"href":"https:\/\/colomboibague.com\/2021\/wp-json\/wp\/v2\/pages\/12645","targetHints":{"allow":["GET"]}}],"collection":[{"href":"https:\/\/colomboibague.com\/2021\/wp-json\/wp\/v2\/pages"}],"about":[{"href":"https:\/\/colomboibague.com\/2021\/wp-json\/wp\/v2\/types\/page"}],"author":[{"embeddable":true,"href":"https:\/\/colomboibague.com\/2021\/wp-json\/wp\/v2\/users\/1"}],"replies":[{"embeddable":true,"href":"https:\/\/colomboibague.com\/2021\/wp-json\/wp\/v2\/comments?post=12645"}],"version-history":[{"count":7,"href":"https:\/\/colomboibague.com\/2021\/wp-json\/wp\/v2\/pages\/12645\/revisions"}],"predecessor-version":[{"id":12714,"href":"https:\/\/colomboibague.com\/2021\/wp-json\/wp\/v2\/pages\/12645\/revisions\/12714"}],"wp:attachment":[{"href":"https:\/\/colomboibague.com\/2021\/wp-json\/wp\/v2\/media?parent=12645"}],"curies":[{"name":"wp","href":"https:\/\/api.w.org\/{rel}","templated":true}]}}