{"id":11718,"date":"2021-05-05T20:09:39","date_gmt":"2021-05-05T20:09:39","guid":{"rendered":"https:\/\/colombogirardot.com\/2021\/?page_id=11718"},"modified":"2021-08-30T21:31:51","modified_gmt":"2021-08-30T21:31:51","slug":"curso-de-preparacion-para-el-examen-toefl-ibt","status":"publish","type":"page","link":"https:\/\/colomboibague.com\/2021\/curso-de-preparacion-para-el-examen-toefl-ibt\/","title":{"rendered":"Curso de preparaci\u00f3n para el examen TOEFL iBT"},"content":{"rendered":"<div class=\"wpb-content-wrapper\"><p>[vc_row][vc_column][vc_single_image image=\u00bb11878&#8243; img_size=\u00bbfull\u00bb][\/vc_column][\/vc_row][vc_row][vc_column width=\u00bb2\/3&#8243;]<div class=\"thim-widget-heading template-base\"><div class=\"sc_heading  \"><h3 class=\"title\">Descripci\u00f3n<\/h3><\/div><\/div>[vc_column_text]<\/p>\n<div>\n<div>\n<p>Se trata de un curso virtual y aut\u00f3nomo que consta de 8 sesiones de acompa\u00f1amiento.\u00a0cada\u00a0sesi\u00f3n\u00a0es\u00a0semanal\u00a0y\u00a0dura\u00a0dos\u00a0horas\u00a0por\u00a0sesi\u00f3n.<\/p>\n<p>nuestro docente le guiar\u00e1 a trav\u00e9s del programa e incluye pr\u00e1cticas de las\u00a0 habilidades del idioma en el laboratorio de internet. tambi\u00e9n les resolver\u00e1 las dudas que se puedan presentar durante su trabajo aut\u00f3nomo.<\/p><\/div>\n<\/div>\n<div>\n<div>\n<div>Este\u00a0curso\u00a0da\u00a0a\u00a0los\u00a0<wbr \/>estudiantes\u00a0todas\u00a0las\u00a0<wbr \/>herramientas necesarias para obtener excelentes resultados\u00a0<wbr \/>en\u00a0la\u00a0prueba\u00a0<span class=\"il\">TOEFL<\/span> iBT. Proporciona\u00a0acceso\u00a0a\u00a0MyEnglish<wbr \/>Lab\u00a0con\u00a0una\u00a0gran\u00a0cantidad\u00a0de\u00a0<wbr \/>actividades para practicar.<\/div>\n<\/div>\n<\/div>\n<div>\n<div>\n<div>\n<p>Contiene\u00a0material\u00a0actualizado\u00a0<wbr \/>de\u00a0todo\u00a0tipo\u00a0de\u00a0pasajes\u00a0del\u00a0<wbr \/>examen y preguntas.<\/div>\n<\/div>\n<\/div>\n<div>\n<div>\n<div>\n<p>Este\u00a0curso\u00a0permite\u00a0<wbr \/>identificar\u00a0las\u00a0fortalezas\u00a0y\u00a0<wbr \/>debilidades\u00a0de\u00a0sus\u00a0<wbr \/>estudiantes y mejora su desempe\u00f1o en cada secci\u00f3n\u00a0mientras\u00a0practica\u00a0las\u00a0<wbr \/>cuatro habilidades del idioma.<\/div>\n<\/div>\n<\/div>\n<div>\n<div>\n<ul>\n<li>LECTURA: Provee ejercicios\u00a0<wbr \/>de\u00a0pr\u00e1ctica\u00a0en\u00a0los\u00a0nuevos\u00a0<wbr \/>formatos de la prueba.<\/li>\n<\/ul>\n<\/div>\n<\/div>\n<div>\n<div>\n<ul>\n<li>ESCUCHA: Proporciona\u00a0<wbr \/>conversaciones\u00a0aut\u00e9nticas\u00a0<wbr \/>dadas en locaciones acad\u00e9micas y lecturas con preguntas\u00a0acerca\u00a0de\u00a0la\u00a0<wbr \/>actitud o prop\u00f3sito del hablante.<\/li>\n<\/ul>\n<\/div>\n<\/div>\n<div>\n<div>\n<ul>\n<li>HABLA: Incluye pruebas\u00a0<wbr \/>personales\u00a0e\u00a0integradas.<\/li>\n<\/ul>\n<\/div>\n<\/div>\n<div>\n<div>\n<ul>\n<li>ESCRITURA: Consiste en\u00a0<wbr \/>redactar\u00a0composiciones\u00a0<wbr \/>formales.<\/li>\n<\/ul>\n<\/div>\n<\/div>\n<p>[\/vc_column_text][\/vc_column][vc_column width=\u00bb1\/3&#8243;][\/vc_column][vc_column][\/vc_column][\/vc_row]<\/p>\n<\/div>","protected":false},"excerpt":{"rendered":"<p>[vc_row][vc_column][vc_single_image image=\u00bb11878&#8243; img_size=\u00bbfull\u00bb][\/vc_column][\/vc_row][vc_row][vc_column width=\u00bb2\/3&#8243;][vc_column_text] Se trata de un curso virtual y aut\u00f3nomo que consta de 8 sesiones de acompa\u00f1amiento.\u00a0cada\u00a0sesi\u00f3n\u00a0es\u00a0semanal\u00a0y\u00a0dura\u00a0dos\u00a0horas\u00a0por\u00a0sesi\u00f3n. nuestro docente le guiar\u00e1 a trav\u00e9s del programa e incluye pr\u00e1cticas de las\u00a0 habilidades del idioma en el laboratorio de internet. &hellip; <\/p>\n","protected":false},"author":1,"featured_media":0,"parent":0,"menu_order":0,"comment_status":"closed","ping_status":"closed","template":"","meta":{"footnotes":""},"class_list":["post-11718","page","type-page","status-publish","hentry"],"yoast_head":"<!-- This site is optimized with the Yoast SEO Premium plugin v18.0 (Yoast SEO v27.2) - https:\/\/yoast.com\/product\/yoast-seo-premium-wordpress\/ -->\n<title>Curso de preparaci\u00f3n para el examen TOEFL iBT - Colombo Americano Ibague\u0301<\/title>\n<meta name=\"robots\" content=\"index, follow, max-snippet:-1, max-image-preview:large, max-video-preview:-1\" \/>\n<link rel=\"canonical\" href=\"https:\/\/colomboibague.com\/2021\/curso-de-preparacion-para-el-examen-toefl-ibt\/\" \/>\n<meta property=\"og:locale\" content=\"es_ES\" \/>\n<meta property=\"og:type\" content=\"article\" \/>\n<meta property=\"og:title\" content=\"Curso de preparaci\u00f3n para el examen TOEFL iBT\" \/>\n<meta property=\"og:description\" content=\"[vc_row][vc_column][vc_single_image image=\u00bb11878&#8243; img_size=\u00bbfull\u00bb][\/vc_column][\/vc_row][vc_row][vc_column width=\u00bb2\/3&#8243;][vc_column_text] Se trata de un curso virtual y aut\u00f3nomo que consta de 8 sesiones de acompa\u00f1amiento.\u00a0cada\u00a0sesi\u00f3n\u00a0es\u00a0semanal\u00a0y\u00a0dura\u00a0dos\u00a0horas\u00a0por\u00a0sesi\u00f3n. nuestro docente le guiar\u00e1 a trav\u00e9s del programa e incluye pr\u00e1cticas de las\u00a0 habilidades del idioma en el laboratorio de internet. &hellip;\" \/>\n<meta property=\"og:url\" content=\"https:\/\/colomboibague.com\/2021\/curso-de-preparacion-para-el-examen-toefl-ibt\/\" \/>\n<meta property=\"og:site_name\" content=\"Colombo Americano Ibague\u0301\" \/>\n<meta property=\"article:modified_time\" content=\"2021-08-30T21:31:51+00:00\" \/>\n<meta name=\"twitter:card\" content=\"summary_large_image\" \/>\n<meta name=\"twitter:label1\" content=\"Tiempo de lectura\" \/>\n\t<meta name=\"twitter:data1\" content=\"1 minuto\" \/>\n<script type=\"application\/ld+json\" class=\"yoast-schema-graph\">{\"@context\":\"https:\/\/schema.org\",\"@graph\":[{\"@type\":\"WebPage\",\"@id\":\"https:\/\/colomboibague.com\/2021\/curso-de-preparacion-para-el-examen-toefl-ibt\/\",\"url\":\"https:\/\/colomboibague.com\/2021\/curso-de-preparacion-para-el-examen-toefl-ibt\/\",\"name\":\"Curso de preparaci\u00f3n para el examen TOEFL iBT - Colombo Americano Ibague\u0301\",\"isPartOf\":{\"@id\":\"https:\/\/colomboibague.com\/2021\/#website\"},\"datePublished\":\"2021-05-05T20:09:39+00:00\",\"dateModified\":\"2021-08-30T21:31:51+00:00\",\"breadcrumb\":{\"@id\":\"https:\/\/colomboibague.com\/2021\/curso-de-preparacion-para-el-examen-toefl-ibt\/#breadcrumb\"},\"inLanguage\":\"es\",\"potentialAction\":[{\"@type\":\"ReadAction\",\"target\":[\"https:\/\/colomboibague.com\/2021\/curso-de-preparacion-para-el-examen-toefl-ibt\/\"]}]},{\"@type\":\"BreadcrumbList\",\"@id\":\"https:\/\/colomboibague.com\/2021\/curso-de-preparacion-para-el-examen-toefl-ibt\/#breadcrumb\",\"itemListElement\":[{\"@type\":\"ListItem\",\"position\":1,\"name\":\"Portada\",\"item\":\"https:\/\/colomboibague.com\/2021\/\"},{\"@type\":\"ListItem\",\"position\":2,\"name\":\"Curso de preparaci\u00f3n para el examen TOEFL iBT\"}]},{\"@type\":\"WebSite\",\"@id\":\"https:\/\/colomboibague.com\/2021\/#website\",\"url\":\"https:\/\/colomboibague.com\/2021\/\",\"name\":\"Colombo Americano Ibague\u0301\",\"description\":\"\",\"potentialAction\":[{\"@type\":\"SearchAction\",\"target\":{\"@type\":\"EntryPoint\",\"urlTemplate\":\"https:\/\/colomboibague.com\/2021\/?s={search_term_string}\"},\"query-input\":{\"@type\":\"PropertyValueSpecification\",\"valueRequired\":true,\"valueName\":\"search_term_string\"}}],\"inLanguage\":\"es\"}]}<\/script>\n<!-- \/ Yoast SEO Premium plugin. -->","yoast_head_json":{"title":"Curso de preparaci\u00f3n para el examen TOEFL iBT - Colombo Americano Ibague\u0301","robots":{"index":"index","follow":"follow","max-snippet":"max-snippet:-1","max-image-preview":"max-image-preview:large","max-video-preview":"max-video-preview:-1"},"canonical":"https:\/\/colomboibague.com\/2021\/curso-de-preparacion-para-el-examen-toefl-ibt\/","og_locale":"es_ES","og_type":"article","og_title":"Curso de preparaci\u00f3n para el examen TOEFL iBT","og_description":"[vc_row][vc_column][vc_single_image image=\u00bb11878&#8243; img_size=\u00bbfull\u00bb][\/vc_column][\/vc_row][vc_row][vc_column width=\u00bb2\/3&#8243;][vc_column_text] Se trata de un curso virtual y aut\u00f3nomo que consta de 8 sesiones de acompa\u00f1amiento.\u00a0cada\u00a0sesi\u00f3n\u00a0es\u00a0semanal\u00a0y\u00a0dura\u00a0dos\u00a0horas\u00a0por\u00a0sesi\u00f3n. nuestro docente le guiar\u00e1 a trav\u00e9s del programa e incluye pr\u00e1cticas de las\u00a0 habilidades del idioma en el laboratorio de internet. &hellip;","og_url":"https:\/\/colomboibague.com\/2021\/curso-de-preparacion-para-el-examen-toefl-ibt\/","og_site_name":"Colombo Americano Ibague\u0301","article_modified_time":"2021-08-30T21:31:51+00:00","twitter_card":"summary_large_image","twitter_misc":{"Tiempo de lectura":"1 minuto"},"schema":{"@context":"https:\/\/schema.org","@graph":[{"@type":"WebPage","@id":"https:\/\/colomboibague.com\/2021\/curso-de-preparacion-para-el-examen-toefl-ibt\/","url":"https:\/\/colomboibague.com\/2021\/curso-de-preparacion-para-el-examen-toefl-ibt\/","name":"Curso de preparaci\u00f3n para el examen TOEFL iBT - Colombo Americano Ibague\u0301","isPartOf":{"@id":"https:\/\/colomboibague.com\/2021\/#website"},"datePublished":"2021-05-05T20:09:39+00:00","dateModified":"2021-08-30T21:31:51+00:00","breadcrumb":{"@id":"https:\/\/colomboibague.com\/2021\/curso-de-preparacion-para-el-examen-toefl-ibt\/#breadcrumb"},"inLanguage":"es","potentialAction":[{"@type":"ReadAction","target":["https:\/\/colomboibague.com\/2021\/curso-de-preparacion-para-el-examen-toefl-ibt\/"]}]},{"@type":"BreadcrumbList","@id":"https:\/\/colomboibague.com\/2021\/curso-de-preparacion-para-el-examen-toefl-ibt\/#breadcrumb","itemListElement":[{"@type":"ListItem","position":1,"name":"Portada","item":"https:\/\/colomboibague.com\/2021\/"},{"@type":"ListItem","position":2,"name":"Curso de preparaci\u00f3n para el examen TOEFL iBT"}]},{"@type":"WebSite","@id":"https:\/\/colomboibague.com\/2021\/#website","url":"https:\/\/colomboibague.com\/2021\/","name":"Colombo Americano Ibague\u0301","description":"","potentialAction":[{"@type":"SearchAction","target":{"@type":"EntryPoint","urlTemplate":"https:\/\/colomboibague.com\/2021\/?s={search_term_string}"},"query-input":{"@type":"PropertyValueSpecification","valueRequired":true,"valueName":"search_term_string"}}],"inLanguage":"es"}]}},"_links":{"self":[{"href":"https:\/\/colomboibague.com\/2021\/wp-json\/wp\/v2\/pages\/11718","targetHints":{"allow":["GET"]}}],"collection":[{"href":"https:\/\/colomboibague.com\/2021\/wp-json\/wp\/v2\/pages"}],"about":[{"href":"https:\/\/colomboibague.com\/2021\/wp-json\/wp\/v2\/types\/page"}],"author":[{"embeddable":true,"href":"https:\/\/colomboibague.com\/2021\/wp-json\/wp\/v2\/users\/1"}],"replies":[{"embeddable":true,"href":"https:\/\/colomboibague.com\/2021\/wp-json\/wp\/v2\/comments?post=11718"}],"version-history":[{"count":0,"href":"https:\/\/colomboibague.com\/2021\/wp-json\/wp\/v2\/pages\/11718\/revisions"}],"wp:attachment":[{"href":"https:\/\/colomboibague.com\/2021\/wp-json\/wp\/v2\/media?parent=11718"}],"curies":[{"name":"wp","href":"https:\/\/api.w.org\/{rel}","templated":true}]}}