{"id":11656,"date":"2021-03-15T12:42:16","date_gmt":"2021-03-15T12:42:16","guid":{"rendered":"https:\/\/colombogirardot.com\/2021\/?page_id=11656"},"modified":"2024-12-02T11:34:01","modified_gmt":"2024-12-02T16:34:01","slug":"conversations","status":"publish","type":"page","link":"https:\/\/colomboibague.com\/2021\/conversations\/","title":{"rendered":"M\u00f3dulo Conversations (C1)"},"content":{"rendered":"<div class=\"wpb-content-wrapper\"><p>[vc_row][vc_column][vc_single_image image=\u00bb12634&#8243; img_size=\u00bbfull\u00bb][\/vc_column][\/vc_row][vc_row][vc_column width=\u00bb2\/3&#8243; css=\u00bb.vc_custom_1713017330811{margin-top: 0px !important;margin-bottom: 0px !important;border-top-width: 0px !important;border-bottom-width: 0px !important;padding-top: 0px !important;padding-bottom: 0px !important;}\u00bb]<div class=\"thim-widget-heading template-base\"><div class=\"sc_heading  \"><h3 class=\"title\">M\u00f3dulo Conversations (C1, 160 HA)<\/h3><p class=\"sub-heading\" style=\"\">Descripci\u00f3n<br \/>\nPuede entender las ideas principales de textos complejos que traten de temas tanto concretos como abstractos, incluso si son de car\u00e1cter t\u00e9cnico. Puede relacionarse con hablantes nativos con un grado suficiente de fluidez y naturalidad de modo que la comunicaci\u00f3n se realice sin esfuerzo por parte de ninguno de los interlocutores. Puede producir textos claros y detallados sobre temas diversos y defender un punto de vista sobre temas generales indicando los pros y los contras de las distintas opciones.<\/p><\/div><\/div><div class=\"thim-widget-heading template-base\"><div class=\"sc_heading  \"><h3 class=\"title\">M\u00f3dulo Conversations C1 (160 HA)<\/h3><p class=\"sub-heading\" style=\"\">Es capaz de comprender una amplia variedad de textos extensos y con cierto nivel de exigencia. Sabe expresarse de forma fluida y espont\u00e1nea sin mayor esfuerzo para encontrar la expresi\u00f3n adecuada. Puede hacer un uso flexible y efectivo del idioma para fines sociales, acad\u00e9micos y profesionales. Puede producir textos claros, bien estructurados y detallados sobre temas de cierta complejidad, mostrando un uso correcto del idioma<\/p><\/div><\/div><div class=\"thim-widget-heading template-base\"><div class=\"sc_heading  \"><h3 class=\"title\">Niveles<\/h3><p class=\"sub-heading\" style=\"\">-Conversations Cn1<br \/>\n-Conversations Cn2<br \/>\n-Conversations Cn3<br \/>\n-Conversations Cn4<\/p><\/div><\/div><div class=\"thim-widget-heading template-base\"><div class=\"sc_heading  \"><h3 class=\"title\">Modalidades<\/h3><p class=\"sub-heading\" style=\"\">-Programa tradicional: Clases grupales con estudiantes de su mismo nivel.<br \/>\n-Programa personalizado: Remotas o presenciales.<br \/>\nEl estudiante escoge la frecuencia, el horario y d\u00f3nde tomar su clase.<br \/>\n<\/p><\/div><\/div><div class=\"thim-widget-heading template-base\"><div class=\"sc_heading  \"><h3 class=\"title\">Opciones de pago<\/h3><p class=\"sub-heading\" style=\"\">-De contado: Obtenga un descuento especial por pagar el m\u00f3dulo completo.<br \/>\n-A plazos: 4 cuotas sin inter\u00e9s. Se paga por cada nivel.<\/p><\/div><\/div>[\/vc_column][vc_column width=\u00bb1\/3&#8243;]<div class=\"thim-widget-heading template-base\"><div class=\"sc_heading  \"><h2 style=\"font-size:19px;\" class=\"title\">Caracter\u00edsticas del modulo<\/h2><p class=\"sub-heading\" style=\"\">-160 horas.<br \/>\n-Clases Presenciales.<br \/>\n-Grupal o personalizado.<br \/>\n-Valor de la matr\u00edcula: $55.000.<\/p><span class=\"line\"><\/span><\/div><\/div>[\/vc_column][vc_column][\/vc_column][\/vc_row]<\/p>\n<\/div>","protected":false},"excerpt":{"rendered":"<p>[vc_row][vc_column][vc_single_image image=\u00bb12634&#8243; img_size=\u00bbfull\u00bb][\/vc_column][\/vc_row][vc_row][vc_column width=\u00bb2\/3&#8243; css=\u00bb.vc_custom_1713017330811{margin-top: 0px !important;margin-bottom: 0px !important;border-top-width: 0px !important;border-bottom-width: 0px !important;padding-top: 0px !important;padding-bottom: 0px !important;}\u00bb][\/vc_column][vc_column width=\u00bb1\/3&#8243;][\/vc_column][vc_column][\/vc_column][\/vc_row]<\/p>\n","protected":false},"author":1,"featured_media":0,"parent":0,"menu_order":0,"comment_status":"closed","ping_status":"closed","template":"","meta":{"footnotes":""},"class_list":["post-11656","page","type-page","status-publish","hentry"],"yoast_head":"<!-- This site is optimized with the Yoast SEO Premium plugin v18.0 (Yoast SEO v27.2) - https:\/\/yoast.com\/product\/yoast-seo-premium-wordpress\/ -->\n<title>M\u00f3dulo Conversations (C1) - Colombo Americano Ibague\u0301<\/title>\n<meta name=\"robots\" content=\"index, follow, max-snippet:-1, max-image-preview:large, max-video-preview:-1\" \/>\n<link rel=\"canonical\" href=\"https:\/\/colomboibague.com\/2021\/conversations\/\" \/>\n<meta property=\"og:locale\" content=\"es_ES\" \/>\n<meta property=\"og:type\" content=\"article\" \/>\n<meta property=\"og:title\" content=\"M\u00f3dulo Conversations (C1)\" \/>\n<meta property=\"og:description\" content=\"[vc_row][vc_column][vc_single_image image=\u00bb12634&#8243; img_size=\u00bbfull\u00bb][\/vc_column][\/vc_row][vc_row][vc_column width=\u00bb2\/3&#8243; css=\u00bb.vc_custom_1713017330811{margin-top: 0px !important;margin-bottom: 0px !important;border-top-width: 0px !important;border-bottom-width: 0px !important;padding-top: 0px !important;padding-bottom: 0px !important;}\u00bb][\/vc_column][vc_column width=\u00bb1\/3&#8243;][\/vc_column][vc_column][\/vc_column][\/vc_row]\" \/>\n<meta property=\"og:url\" content=\"https:\/\/colomboibague.com\/2021\/conversations\/\" \/>\n<meta property=\"og:site_name\" content=\"Colombo Americano Ibague\u0301\" \/>\n<meta property=\"article:modified_time\" content=\"2024-12-02T16:34:01+00:00\" \/>\n<meta name=\"twitter:card\" content=\"summary_large_image\" \/>\n<meta name=\"twitter:label1\" content=\"Tiempo de lectura\" \/>\n\t<meta name=\"twitter:data1\" content=\"2 minutos\" \/>\n<script type=\"application\/ld+json\" class=\"yoast-schema-graph\">{\"@context\":\"https:\/\/schema.org\",\"@graph\":[{\"@type\":\"WebPage\",\"@id\":\"https:\/\/colomboibague.com\/2021\/conversations\/\",\"url\":\"https:\/\/colomboibague.com\/2021\/conversations\/\",\"name\":\"M\u00f3dulo Conversations (C1) - Colombo Americano Ibague\u0301\",\"isPartOf\":{\"@id\":\"https:\/\/colomboibague.com\/2021\/#website\"},\"datePublished\":\"2021-03-15T12:42:16+00:00\",\"dateModified\":\"2024-12-02T16:34:01+00:00\",\"breadcrumb\":{\"@id\":\"https:\/\/colomboibague.com\/2021\/conversations\/#breadcrumb\"},\"inLanguage\":\"es\",\"potentialAction\":[{\"@type\":\"ReadAction\",\"target\":[\"https:\/\/colomboibague.com\/2021\/conversations\/\"]}]},{\"@type\":\"BreadcrumbList\",\"@id\":\"https:\/\/colomboibague.com\/2021\/conversations\/#breadcrumb\",\"itemListElement\":[{\"@type\":\"ListItem\",\"position\":1,\"name\":\"Portada\",\"item\":\"https:\/\/colomboibague.com\/2021\/\"},{\"@type\":\"ListItem\",\"position\":2,\"name\":\"M\u00f3dulo Conversations (C1)\"}]},{\"@type\":\"WebSite\",\"@id\":\"https:\/\/colomboibague.com\/2021\/#website\",\"url\":\"https:\/\/colomboibague.com\/2021\/\",\"name\":\"Colombo Americano Ibague\u0301\",\"description\":\"\",\"potentialAction\":[{\"@type\":\"SearchAction\",\"target\":{\"@type\":\"EntryPoint\",\"urlTemplate\":\"https:\/\/colomboibague.com\/2021\/?s={search_term_string}\"},\"query-input\":{\"@type\":\"PropertyValueSpecification\",\"valueRequired\":true,\"valueName\":\"search_term_string\"}}],\"inLanguage\":\"es\"}]}<\/script>\n<!-- \/ Yoast SEO Premium plugin. -->","yoast_head_json":{"title":"M\u00f3dulo Conversations (C1) - Colombo Americano Ibague\u0301","robots":{"index":"index","follow":"follow","max-snippet":"max-snippet:-1","max-image-preview":"max-image-preview:large","max-video-preview":"max-video-preview:-1"},"canonical":"https:\/\/colomboibague.com\/2021\/conversations\/","og_locale":"es_ES","og_type":"article","og_title":"M\u00f3dulo Conversations (C1)","og_description":"[vc_row][vc_column][vc_single_image image=\u00bb12634&#8243; img_size=\u00bbfull\u00bb][\/vc_column][\/vc_row][vc_row][vc_column width=\u00bb2\/3&#8243; css=\u00bb.vc_custom_1713017330811{margin-top: 0px !important;margin-bottom: 0px !important;border-top-width: 0px !important;border-bottom-width: 0px !important;padding-top: 0px !important;padding-bottom: 0px !important;}\u00bb][\/vc_column][vc_column width=\u00bb1\/3&#8243;][\/vc_column][vc_column][\/vc_column][\/vc_row]","og_url":"https:\/\/colomboibague.com\/2021\/conversations\/","og_site_name":"Colombo Americano Ibague\u0301","article_modified_time":"2024-12-02T16:34:01+00:00","twitter_card":"summary_large_image","twitter_misc":{"Tiempo de lectura":"2 minutos"},"schema":{"@context":"https:\/\/schema.org","@graph":[{"@type":"WebPage","@id":"https:\/\/colomboibague.com\/2021\/conversations\/","url":"https:\/\/colomboibague.com\/2021\/conversations\/","name":"M\u00f3dulo Conversations (C1) - Colombo Americano Ibague\u0301","isPartOf":{"@id":"https:\/\/colomboibague.com\/2021\/#website"},"datePublished":"2021-03-15T12:42:16+00:00","dateModified":"2024-12-02T16:34:01+00:00","breadcrumb":{"@id":"https:\/\/colomboibague.com\/2021\/conversations\/#breadcrumb"},"inLanguage":"es","potentialAction":[{"@type":"ReadAction","target":["https:\/\/colomboibague.com\/2021\/conversations\/"]}]},{"@type":"BreadcrumbList","@id":"https:\/\/colomboibague.com\/2021\/conversations\/#breadcrumb","itemListElement":[{"@type":"ListItem","position":1,"name":"Portada","item":"https:\/\/colomboibague.com\/2021\/"},{"@type":"ListItem","position":2,"name":"M\u00f3dulo Conversations (C1)"}]},{"@type":"WebSite","@id":"https:\/\/colomboibague.com\/2021\/#website","url":"https:\/\/colomboibague.com\/2021\/","name":"Colombo Americano Ibague\u0301","description":"","potentialAction":[{"@type":"SearchAction","target":{"@type":"EntryPoint","urlTemplate":"https:\/\/colomboibague.com\/2021\/?s={search_term_string}"},"query-input":{"@type":"PropertyValueSpecification","valueRequired":true,"valueName":"search_term_string"}}],"inLanguage":"es"}]}},"_links":{"self":[{"href":"https:\/\/colomboibague.com\/2021\/wp-json\/wp\/v2\/pages\/11656","targetHints":{"allow":["GET"]}}],"collection":[{"href":"https:\/\/colomboibague.com\/2021\/wp-json\/wp\/v2\/pages"}],"about":[{"href":"https:\/\/colomboibague.com\/2021\/wp-json\/wp\/v2\/types\/page"}],"author":[{"embeddable":true,"href":"https:\/\/colomboibague.com\/2021\/wp-json\/wp\/v2\/users\/1"}],"replies":[{"embeddable":true,"href":"https:\/\/colomboibague.com\/2021\/wp-json\/wp\/v2\/comments?post=11656"}],"version-history":[{"count":4,"href":"https:\/\/colomboibague.com\/2021\/wp-json\/wp\/v2\/pages\/11656\/revisions"}],"predecessor-version":[{"id":12693,"href":"https:\/\/colomboibague.com\/2021\/wp-json\/wp\/v2\/pages\/11656\/revisions\/12693"}],"wp:attachment":[{"href":"https:\/\/colomboibague.com\/2021\/wp-json\/wp\/v2\/media?parent=11656"}],"curies":[{"name":"wp","href":"https:\/\/api.w.org\/{rel}","templated":true}]}}